{"id":45,"date":"2024-07-13T16:53:42","date_gmt":"2024-07-13T19:53:42","guid":{"rendered":"https:\/\/www.margolanches.com.br\/?page_id=45"},"modified":"2024-10-30T14:40:07","modified_gmt":"2024-10-30T17:40:07","slug":"margolanches","status":"publish","type":"page","link":"https:\/\/margolanches.com.br\/index.php\/margolanches\/","title":{"rendered":"A Margolanches"},"content":{"rendered":"\n<div class=\"wp-block-group alignwide is-layout-constrained wp-block-group-is-layout-constrained\">\n<div id=\"corpo-a-margolanches\">\n      <div>\n        <h1 class=\"aMargolanches-titulos\">Bem-vindo \u00e0 Margolanches!<\/h1>\n        <p>O lugar onde o sabor encontra o carinho!<\/p>\n      <\/div>\n      <div id=\"textos-a-margolanches\">\n        <section>\n          <p>\n            Nossa miss\u00e3o \u00e9 transformar cada visita em uma experi\u00eancia memor\u00e1vel,\n            com lanches deliciosos e um ambiente que faz voc\u00ea se sentir em casa.\n            Desde a escolha dos ingredientes at\u00e9 o atendimento personalizado,\n            nossa equipe est\u00e1 dedicada a oferecer o melhor para voc\u00ea.\n          <\/p>\n          <p>\n            Nossa vis\u00e3o \u00e9 ser a primeira escolha da nossa comunidade,\n            proporcionando um ambiente convidativo e um servi\u00e7o que supera\n            expectativas. Estamos aqui para criar momentos especiais e fazer com\n            que cada cliente se sinta parte da nossa fam\u00edlia.\n          <\/p>\n          <p>\n            N\u00f3s nos guiamos por valores que refletem o nosso compromisso com a\n            qualidade e um atendimento excepcional. Acreditamos que esses\n            princ\u00edpios s\u00e3o fundamentais para proporcionar a voc\u00ea uma experi\u00eancia\n            incompar\u00e1vel.\n          <\/p>\n          <p>\n            Venha nos visitar e descubra o que faz da Margolanches um lugar t\u00e3o\n            especial. Esperamos por voc\u00ea com um sorriso e um lanche delicioso!\n          <\/p>\n        <\/section>\n        <section>\n          <h2 class=\"aMargolanches-titulos\">Miss\u00e3o<\/h2>\n          <p>\n            Oferecer uma experi\u00eancia aconchegante com saborosas op\u00e7\u00f5es de\n            lanches e bebidas, preparadas com ingredientes frescos e de alta\n            qualidade, proporcionando um ambiente acolhedor e amig\u00e1vel para\n            nossos clientes.\n          <\/p>\n        <\/section>\n        <section>\n          <h2 class=\"aMargolanches-titulos\">Vis\u00e3o<\/h2>\n          <p>\n            Ser a lanchonete preferida da comunidade, conhecida pela excel\u00eancia\n            no atendimento e compromisso com a satisfa\u00e7\u00e3o total dos nossos\n            clientes.\n          <\/p>\n        <\/section>\n        <section>\n          <h2 class=\"aMargolanches-titulos\">Valores<\/h2>\n          <ul id=\"lista-valores\">\n            <li>\n              <span class=\"valores\">Qualidade:<\/span> Comprometemo-nos a\n              utilizar ingredientes frescos e de primeira linha para garantir a\n              excel\u00eancia em cada produto servido.\n            <\/li>\n            <li>\n              <span class=\"valores\">Atendimento ao Cliente:<\/span> Valorizamos\n              cada cliente e buscamos oferecer um atendimento personalizado e\n              amig\u00e1vel.\n            <\/li>\n            <li>\n              <span class=\"valores\">Tradi\u00e7\u00e3o:<\/span> Valorizamos a tradi\u00e7\u00e3o dos\n              lanches cl\u00e1ssicos, mantendo a qualidade excepcional que nossos\n              clientes conhecem e amam, ao mesmo tempo que buscamos\n              constantemente novas maneiras de aprimorar nossas receitas e nosso\n              card\u00e1pio.\n            <\/li>\n          <\/ul>\n        <\/section>\n      <\/div>\n    <\/div>\n    <a\n      class=\"botao-whatsapp\"\n      href=\"https:\/\/api.whatsapp.com\/send?phone=5532988001928\"\n      target=\"_blank\"\n      rel=\"noopener\"\n    >\n      <img decoding=\"async\"\n        src=\"https:\/\/margolanches.com.br\/wp-content\/uploads\/2024\/09\/whatsapp-logo-svg.svg\"\n        alt=\"Bot\u00e3o de Whatsapp\"\n      \/>\n    <\/a>\n<\/div>\n","protected":false},"excerpt":{"rendered":"<p>Bem-vindo \u00e0 Margolanches! O lugar onde o sabor encontra o carinho! Nossa miss\u00e3o \u00e9 transformar cada visita em uma experi\u00eancia [&hellip;]<\/p>\n","protected":false},"author":1,"featured_media":0,"parent":0,"menu_order":0,"comment_status":"closed","ping_status":"closed","template":"","meta":{"site-sidebar-layout":"no-sidebar","site-content-layout":"","ast-site-content-layout":"full-width-container","site-content-style":"boxed","site-sidebar-style":"default","ast-global-header-display":"","ast-banner-title-visibility":"","ast-main-header-display":"","ast-hfb-above-header-display":"","ast-hfb-below-header-display":"","ast-hfb-mobile-header-display":"","site-post-title":"disabled","ast-breadcrumbs-content":"","ast-featured-img":"disabled","footer-sml-layout":"","theme-transparent-header-meta":"default","adv-header-id-meta":"","stick-header-meta":"","header-above-stick-meta":"","header-main-stick-meta":"","header-below-stick-meta":"","astra-migrate-meta-layouts":"set","ast-page-background-enabled":"default","ast-page-background-meta":{"desktop":{"background-color":"var(--ast-global-color-4)","background-image":"","background-repeat":"repeat","background-position":"center center","background-size":"auto","background-attachment":"scroll","background-type":"","background-media":"","overlay-type":"","overlay-color":"","overlay-opacity":"","overlay-gradient":""},"tablet":{"background-color":"","background-image":"","background-repeat":"repeat","background-position":"center center","background-size":"auto","background-attachment":"scroll","background-type":"","background-media":"","overlay-type":"","overlay-color":"","overlay-opacity":"","overlay-gradient":""},"mobile":{"background-color":"","background-image":"","background-repeat":"repeat","background-position":"center center","background-size":"auto","background-attachment":"scroll","background-type":"","background-media":"","overlay-type":"","overlay-color":"","overlay-opacity":"","overlay-gradient":""}},"ast-content-background-meta":{"desktop":{"background-color":"var(--ast-global-color-5)","background-image":"","background-repeat":"repeat","background-position":"center center","background-size":"auto","background-attachment":"scroll","background-type":"","background-media":"","overlay-type":"","overlay-color":"","overlay-opacity":"","overlay-gradient":""},"tablet":{"background-color":"var(--ast-global-color-5)","background-image":"","background-repeat":"repeat","background-position":"center center","background-size":"auto","background-attachment":"scroll","background-type":"","background-media":"","overlay-type":"","overlay-color":"","overlay-opacity":"","overlay-gradient":""},"mobile":{"background-color":"var(--ast-global-color-5)","background-image":"","background-repeat":"repeat","background-position":"center center","background-size":"auto","background-attachment":"scroll","background-type":"","background-media":"","overlay-type":"","overlay-color":"","overlay-opacity":"","overlay-gradient":""}},"footnotes":""},"_links":{"self":[{"href":"https:\/\/margolanches.com.br\/index.php\/wp-json\/wp\/v2\/pages\/45"}],"collection":[{"href":"https:\/\/margolanches.com.br\/index.php\/wp-json\/wp\/v2\/pages"}],"about":[{"href":"https:\/\/margolanches.com.br\/index.php\/wp-json\/wp\/v2\/types\/page"}],"author":[{"embeddable":true,"href":"https:\/\/margolanches.com.br\/index.php\/wp-json\/wp\/v2\/users\/1"}],"replies":[{"embeddable":true,"href":"https:\/\/margolanches.com.br\/index.php\/wp-json\/wp\/v2\/comments?post=45"}],"version-history":[{"count":56,"href":"https:\/\/margolanches.com.br\/index.php\/wp-json\/wp\/v2\/pages\/45\/revisions"}],"predecessor-version":[{"id":3335,"href":"https:\/\/margolanches.com.br\/index.php\/wp-json\/wp\/v2\/pages\/45\/revisions\/3335"}],"wp:attachment":[{"href":"https:\/\/margolanches.com.br\/index.php\/wp-json\/wp\/v2\/media?parent=45"}],"curies":[{"name":"wp","href":"https:\/\/api.w.org\/{rel}","templated":true}]}}